{"id":134,"date":"2026-04-01T21:47:04","date_gmt":"2026-04-01T19:47:04","guid":{"rendered":"https:\/\/paul.monsieurrado.fr\/?page_id=134"},"modified":"2026-04-01T21:47:04","modified_gmt":"2026-04-01T19:47:04","slug":"comment-a-ete-fait-le-site","status":"publish","type":"page","link":"https:\/\/paul.monsieurrado.fr\/index.php\/comment-a-ete-fait-le-site\/","title":{"rendered":"Comment a \u00e9t\u00e9 fait le site"},"content":{"rendered":"\n<ol class=\"wp-block-list\">\n<li>Accueil : page Hestia conseill\u00e9 qui a \u00e9t\u00e9 modifi\u00e9 et ajout de photomontages \u00e0 la place des membres de l&rsquo;\u00e9quipe et des avis clients<\/li>\n\n\n\n<li>Le Blog : r\u00e9daction d&rsquo;articles tr\u00e8s peu pro et humoristiques fait par un passionn\u00e9 de sport, 4 cat\u00e9gories puis la cat\u00e9gorie \u00ab\u00a0Non class\u00e9\u00a0\u00bb &#8211; Les articles des cat\u00e9gories Rugby et Escalade ne sont plus accessibles et je n&rsquo;arrive pas \u00e0 les remettre (les 4 qui marchent pas \u00e9taient ceux fait par IA, les autres sont \u00e0 la main)<\/li>\n\n\n\n<li>Matos pour vous : page de recommandation \/ parrainage du blogueur avec des textes promotionnels faits par IA apr\u00e8s que j&rsquo;ai recherch\u00e9 des objets achetables en ligne en lien avec le blog<\/li>\n\n\n\n<li>Jeu : recherche de codes opensource de jeu sur internet et int\u00e9gration sur le site<\/li>\n\n\n\n<li> Contact : Page contact par d\u00e9faut Hestia avec adresse mail de contact modifi\u00e9<\/li>\n\n\n\n<li>Chez Nouredine : cr\u00e9ation d&rsquo;un bouton pour aller chez mon voisin<\/li>\n<\/ol>\n","protected":false},"excerpt":{"rendered":"","protected":false},"author":1,"featured_media":0,"parent":0,"menu_order":0,"comment_status":"closed","ping_status":"closed","template":"","meta":{"_themeisle_gutenberg_block_has_review":false,"footnotes":""},"class_list":["post-134","page","type-page","status-publish","hentry"],"_links":{"self":[{"href":"https:\/\/paul.monsieurrado.fr\/index.php\/wp-json\/wp\/v2\/pages\/134","targetHints":{"allow":["GET"]}}],"collection":[{"href":"https:\/\/paul.monsieurrado.fr\/index.php\/wp-json\/wp\/v2\/pages"}],"about":[{"href":"https:\/\/paul.monsieurrado.fr\/index.php\/wp-json\/wp\/v2\/types\/page"}],"author":[{"embeddable":true,"href":"https:\/\/paul.monsieurrado.fr\/index.php\/wp-json\/wp\/v2\/users\/1"}],"replies":[{"embeddable":true,"href":"https:\/\/paul.monsieurrado.fr\/index.php\/wp-json\/wp\/v2\/comments?post=134"}],"version-history":[{"count":1,"href":"https:\/\/paul.monsieurrado.fr\/index.php\/wp-json\/wp\/v2\/pages\/134\/revisions"}],"predecessor-version":[{"id":135,"href":"https:\/\/paul.monsieurrado.fr\/index.php\/wp-json\/wp\/v2\/pages\/134\/revisions\/135"}],"wp:attachment":[{"href":"https:\/\/paul.monsieurrado.fr\/index.php\/wp-json\/wp\/v2\/media?parent=134"}],"curies":[{"name":"wp","href":"https:\/\/api.w.org\/{rel}","templated":true}]}}